{"id":3,"date":"2023-06-20T17:50:44","date_gmt":"2023-06-20T23:50:44","guid":{"rendered":"http:\/\/box2112\/cgi\/addon_GT.cgi?s=GT::WP::Install::Cpanel+%28clinidp0%29+-+10.0.87.65+%5BWordpress%3b+\/var\/hp\/common\/lib\/Wordpress.pm%3b+534%3b+Hosting::gap_call%5D\/?page_id=3"},"modified":"2023-08-23T09:13:21","modified_gmt":"2023-08-23T15:13:21","slug":"terminos-y-condiciones","status":"publish","type":"page","link":"https:\/\/grupologistik.com\/en\/terminos-y-condiciones\/","title":{"rendered":"T\u00e9rminos y Condiciones"},"content":{"rendered":"<div data-elementor-type=\"wp-page\" data-elementor-id=\"3\" class=\"elementor elementor-3\">\n\t\t\t\t\t\t<header class=\"elementor-section elementor-top-section elementor-element elementor-element-686f17a elementor-section-height-min-height ct-section-stretched elementor-section-boxed elementor-section-height-default elementor-section-items-middle\" data-id=\"686f17a\" data-element_type=\"section\" data-e-type=\"section\" data-settings=\"{&quot;background_background&quot;:&quot;classic&quot;}\">\n\t\t\t\t\t\t<div class=\"elementor-container elementor-column-gap-default\">\n\t\t\t\t\t<div class=\"elementor-column elementor-col-100 elementor-top-column elementor-element elementor-element-d42da4f\" data-id=\"d42da4f\" data-element_type=\"column\" data-e-type=\"column\">\n\t\t\t<div class=\"elementor-widget-wrap elementor-element-populated\">\n\t\t\t\t\t\t<div class=\"elementor-element elementor-element-20b0c53 elementor-widget__width-initial elementor-absolute elementor-widget elementor-widget-spacer\" data-id=\"20b0c53\" data-element_type=\"widget\" data-e-type=\"widget\" data-settings=\"{&quot;_position&quot;:&quot;absolute&quot;}\" data-widget_type=\"spacer.default\">\n\t\t\t\t<div class=\"elementor-widget-container\">\n\t\t\t\t\t\t\t<div class=\"elementor-spacer\">\n\t\t\t<div class=\"elementor-spacer-inner\"><\/div>\n\t\t<\/div>\n\t\t\t\t\t\t<\/div>\n\t\t\t\t<\/div>\n\t\t\t\t<div class=\"elementor-element elementor-element-4ef4fb7 elementor-widget__width-initial elementor-absolute elementor-widget elementor-widget-spacer\" data-id=\"4ef4fb7\" data-element_type=\"widget\" data-e-type=\"widget\" data-settings=\"{&quot;_position&quot;:&quot;absolute&quot;}\" data-widget_type=\"spacer.default\">\n\t\t\t\t<div class=\"elementor-widget-container\">\n\t\t\t\t\t\t\t<div class=\"elementor-spacer\">\n\t\t\t<div class=\"elementor-spacer-inner\"><\/div>\n\t\t<\/div>\n\t\t\t\t\t\t<\/div>\n\t\t\t\t<\/div>\n\t\t\t\t<div class=\"elementor-element elementor-element-b21cc1b elementor-widget__width-initial elementor-widget-tablet__width-initial elementor-absolute elementor-widget elementor-widget-spacer\" data-id=\"b21cc1b\" data-element_type=\"widget\" data-e-type=\"widget\" data-settings=\"{&quot;_position&quot;:&quot;absolute&quot;}\" data-widget_type=\"spacer.default\">\n\t\t\t\t<div class=\"elementor-widget-container\">\n\t\t\t\t\t\t\t<div class=\"elementor-spacer\">\n\t\t\t<div class=\"elementor-spacer-inner\"><\/div>\n\t\t<\/div>\n\t\t\t\t\t\t<\/div>\n\t\t\t\t<\/div>\n\t\t\t\t<div class=\"elementor-element elementor-element-2f4ed1a elementor-widget__width-initial elementor-widget-tablet__width-initial elementor-absolute elementor-widget elementor-widget-spacer\" data-id=\"2f4ed1a\" data-element_type=\"widget\" data-e-type=\"widget\" data-settings=\"{&quot;_position&quot;:&quot;absolute&quot;}\" data-widget_type=\"spacer.default\">\n\t\t\t\t<div class=\"elementor-widget-container\">\n\t\t\t\t\t\t\t<div class=\"elementor-spacer\">\n\t\t\t<div class=\"elementor-spacer-inner\"><\/div>\n\t\t<\/div>\n\t\t\t\t\t\t<\/div>\n\t\t\t\t<\/div>\n\t\t\t\t\t<\/div>\n\t\t<\/div>\n\t\t\t\t\t<\/div>\n\t\t<\/header>\n\t\t\t\t<section class=\"elementor-section elementor-top-section elementor-element elementor-element-a147954 elementor-section-boxed elementor-section-height-default elementor-section-height-default\" data-id=\"a147954\" data-element_type=\"section\" data-e-type=\"section\" data-settings=\"{&quot;shape_divider_top&quot;:&quot;wave-brush&quot;}\">\n\t\t\t\t\t<div class=\"elementor-shape elementor-shape-top\" aria-hidden=\"true\" data-negative=\"false\">\n\t\t\t<svg xmlns=\"http:\/\/www.w3.org\/2000\/svg\" viewbox=\"0 0 283.5 27.8\" preserveaspectratio=\"none\">\n\t<path class=\"elementor-shape-fill\" d=\"M283.5,9.7c0,0-7.3,4.3-14,4.6c-6.8,0.3-12.6,0-20.9-1.5c-11.3-2-33.1-10.1-44.7-5.7\ts-12.1,4.6-18,7.4c-6.6,3.2-20,9.6-36.6,9.3C131.6,23.5,99.5,7.2,86.3,8c-1.4,0.1-6.6,0.8-10.5,2c-3.8,1.2-9.4,3.8-17,4.7\tc-3.2,0.4-8.3,1.1-14.2,0.9c-1.5-0.1-6.3-0.4-12-1.6c-5.7-1.2-11-3.1-15.8-3.7C6.5,9.2,0,10.8,0,10.8V0h283.5V9.7z M260.8,11.3\tc-0.7-1-2-0.4-4.3-0.4c-2.3,0-6.1-1.2-5.8-1.1c0.3,0.1,3.1,1.5,6,1.9C259.7,12.2,261.4,12.3,260.8,11.3z M242.4,8.6\tc0,0-2.4-0.2-5.6-0.9c-3.2-0.8-10.3-2.8-15.1-3.5c-8.2-1.1-15.8,0-15.1,0.1c0.8,0.1,9.6-0.6,17.6,1.1c3.3,0.7,9.3,2.2,12.4,2.7\tC239.9,8.7,242.4,8.6,242.4,8.6z M185.2,8.5c1.7-0.7-13.3,4.7-18.5,6.1c-2.1,0.6-6.2,1.6-10,2c-3.9,0.4-8.9,0.4-8.8,0.5\tc0,0.2,5.8,0.8,11.2,0c5.4-0.8,5.2-1.1,7.6-1.6C170.5,14.7,183.5,9.2,185.2,8.5z M199.1,6.9c0.2,0-0.8-0.4-4.8,1.1\tc-4,1.5-6.7,3.5-6.9,3.7c-0.2,0.1,3.5-1.8,6.6-3C197,7.5,199,6.9,199.1,6.9z M283,6c-0.1,0.1-1.9,1.1-4.8,2.5s-6.9,2.8-6.7,2.7\tc0.2,0,3.5-0.6,7.4-2.5C282.8,6.8,283.1,5.9,283,6z M31.3,11.6c0.1-0.2-1.9-0.2-4.5-1.2s-5.4-1.6-7.8-2C15,7.6,7.3,8.5,7.7,8.6\tC8,8.7,15.9,8.3,20.2,9.3c2.2,0.5,2.4,0.5,5.7,1.6S31.2,11.9,31.3,11.6z M73,9.2c0.4-0.1,3.5-1.6,8.4-2.6c4.9-1.1,8.9-0.5,8.9-0.8\tc0-0.3-1-0.9-6.2-0.3S72.6,9.3,73,9.2z M71.6,6.7C71.8,6.8,75,5.4,77.3,5c2.3-0.3,1.9-0.5,1.9-0.6c0-0.1-1.1-0.2-2.7,0.2\tC74.8,5.1,71.4,6.6,71.6,6.7z M93.6,4.4c0.1,0.2,3.5,0.8,5.6,1.8c2.1,1,1.8,0.6,1.9,0.5c0.1-0.1-0.8-0.8-2.4-1.3\tC97.1,4.8,93.5,4.2,93.6,4.4z M65.4,11.1c-0.1,0.3,0.3,0.5,1.9-0.2s2.6-1.3,2.2-1.2s-0.9,0.4-2.5,0.8C65.3,10.9,65.5,10.8,65.4,11.1\tz M34.5,12.4c-0.2,0,2.1,0.8,3.3,0.9c1.2,0.1,2,0.1,2-0.2c0-0.3-0.1-0.5-1.6-0.4C36.6,12.8,34.7,12.4,34.5,12.4z M152.2,21.1\tc-0.1,0.1-2.4-0.3-7.5-0.3c-5,0-13.6-2.4-17.2-3.5c-3.6-1.1,10,3.9,16.5,4.1C150.5,21.6,152.3,21,152.2,21.1z\"\/>\n\t<path class=\"elementor-shape-fill\" d=\"M269.6,18c-0.1-0.1-4.6,0.3-7.2,0c-7.3-0.7-17-3.2-16.6-2.9c0.4,0.3,13.7,3.1,17,3.3\tC267.7,18.8,269.7,18,269.6,18z\"\/>\n\t<path class=\"elementor-shape-fill\" d=\"M227.4,9.8c-0.2-0.1-4.5-1-9.5-1.2c-5-0.2-12.7,0.6-12.3,0.5c0.3-0.1,5.9-1.8,13.3-1.2\tS227.6,9.9,227.4,9.8z\"\/>\n\t<path class=\"elementor-shape-fill\" d=\"M204.5,13.4c-0.1-0.1,2-1,3.2-1.1c1.2-0.1,2,0,2,0.3c0,0.3-0.1,0.5-1.6,0.4\tC206.4,12.9,204.6,13.5,204.5,13.4z\"\/>\n\t<path class=\"elementor-shape-fill\" d=\"M201,10.6c0-0.1-4.4,1.2-6.3,2.2c-1.9,0.9-6.2,3.1-6.1,3.1c0.1,0.1,4.2-1.6,6.3-2.6\tS201,10.7,201,10.6z\"\/>\n\t<path class=\"elementor-shape-fill\" d=\"M154.5,26.7c-0.1-0.1-4.6,0.3-7.2,0c-7.3-0.7-17-3.2-16.6-2.9c0.4,0.3,13.7,3.1,17,3.3\tC152.6,27.5,154.6,26.8,154.5,26.7z\"\/>\n\t<path class=\"elementor-shape-fill\" d=\"M41.9,19.3c0,0,1.2-0.3,2.9-0.1c1.7,0.2,5.8,0.9,8.2,0.7c4.2-0.4,7.4-2.7,7-2.6\tc-0.4,0-4.3,2.2-8.6,1.9c-1.8-0.1-5.1-0.5-6.7-0.4S41.9,19.3,41.9,19.3z\"\/>\n\t<path class=\"elementor-shape-fill\" d=\"M75.5,12.6c0.2,0.1,2-0.8,4.3-1.1c2.3-0.2,2.1-0.3,2.1-0.5c0-0.1-1.8-0.4-3.4,0\tC76.9,11.5,75.3,12.5,75.5,12.6z\"\/>\n\t<path class=\"elementor-shape-fill\" d=\"M15.6,13.2c0-0.1,4.3,0,6.7,0.5c2.4,0.5,5,1.9,5,2c0,0.1-2.7-0.8-5.1-1.4\tC19.9,13.7,15.7,13.3,15.6,13.2z\"\/>\n<\/svg>\t\t<\/div>\n\t\t\t\t\t<div class=\"elementor-container elementor-column-gap-default\">\n\t\t\t\t\t<div class=\"elementor-column elementor-col-100 elementor-top-column elementor-element elementor-element-132ade2\" data-id=\"132ade2\" data-element_type=\"column\" data-e-type=\"column\">\n\t\t\t<div class=\"elementor-widget-wrap elementor-element-populated\">\n\t\t\t\t\t\t<section class=\"elementor-section elementor-inner-section elementor-element elementor-element-441c75e elementor-section-boxed elementor-section-height-default elementor-section-height-default\" data-id=\"441c75e\" data-element_type=\"section\" data-e-type=\"section\">\n\t\t\t\t\t\t<div class=\"elementor-container elementor-column-gap-default\">\n\t\t\t\t\t<div class=\"elementor-column elementor-col-100 elementor-inner-column elementor-element elementor-element-f613ff4\" data-id=\"f613ff4\" data-element_type=\"column\" data-e-type=\"column\">\n\t\t\t<div class=\"elementor-widget-wrap elementor-element-populated\">\n\t\t\t\t\t\t<div class=\"elementor-element elementor-element-4aa051f text--mobilecenter text-center elementor-widget elementor-widget-tp-heading-title\" data-id=\"4aa051f\" data-element_type=\"widget\" data-e-type=\"widget\" data-widget_type=\"tp-heading-title.default\">\n\t\t\t\t<div class=\"elementor-widget-container\">\n\t\t\t\t\t<div class=\"heading heading_style heading_style69f59133e2816 style-1\"  data-tp-gsap-heading-text=\"\" data-tp-gsap-sub-heading-text=\"\"><div class=\"sub-style\" ><div class=\"head-title\" > <h2  class=\"heading-title\"  data-hover=\"T\u00e9rminos y Condiciones\">T\u00e9rminos y Condiciones<span class=\"title-s\">  <\/span><\/h2><\/div><\/div><\/div>\t\t\t\t<\/div>\n\t\t\t\t<\/div>\n\t\t\t\t\t<\/div>\n\t\t<\/div>\n\t\t\t\t\t<\/div>\n\t\t<\/section>\n\t\t\t\t\t<\/div>\n\t\t<\/div>\n\t\t\t\t\t<\/div>\n\t\t<\/section>\n\t\t\t\t<section class=\"elementor-section elementor-top-section elementor-element elementor-element-576bc030 ct-section-stretched elementor-section-boxed elementor-section-height-default elementor-section-height-default\" data-id=\"576bc030\" data-element_type=\"section\" data-e-type=\"section\">\n\t\t\t\t\t\t<div class=\"elementor-container elementor-column-gap-default\">\n\t\t\t\t\t<div class=\"elementor-column elementor-col-100 elementor-top-column elementor-element elementor-element-669f46e5\" data-id=\"669f46e5\" data-element_type=\"column\" data-e-type=\"column\">\n\t\t\t<div class=\"elementor-widget-wrap elementor-element-populated\">\n\t\t\t\t\t\t<div class=\"elementor-element elementor-element-6a586c23 elementor-widget elementor-widget-text-editor\" data-id=\"6a586c23\" data-element_type=\"widget\" data-e-type=\"widget\" data-widget_type=\"text-editor.default\">\n\t\t\t\t<div class=\"elementor-widget-container\">\n\t\t\t\t\t\t\t\t\t\n<h2 class=\"wp-block-heading\">Bienvenido\/a a Nuestro Sitio Web<\/h2>\n\n<p>Bienvenido\/a a nuestro sitio web que ofrece servicios. Antes de hacer uso de nuestros servicios, por favor, aseg\u00farese de leer cuidadosamente los siguientes t\u00e9rminos y condiciones:<\/p>\n\n<h2 class=\"wp-block-heading\">Uso del sitio web<\/h2>\n\n<p>Al utilizar nuestro sitio web, usted acepta cumplir con los t\u00e9rminos y condiciones establecidos por Grupo Logistik. El uso del sitio web est\u00e1 sujeto a las leyes y regulaciones aplicables, y cualquier uso que no cumpla con estas leyes y regulaciones no ser\u00e1 permitido.<\/p>\n\n<h2 class=\"wp-block-heading\">Informaci\u00f3n del usuario<\/h2>\n<p>Al utilizar nuestro sitio web, usted reconoce que la informaci\u00f3n que proporciona es verdadera, exacta, actualizada y completa en todo momento. Nos reservamos el derecho de suspender o cancelar su cuenta si determinamos que ha proporcionado informaci\u00f3n falsa o inexacta.<\/p>\n\n<h2 class=\"wp-block-heading\">Propiedad intelectual<\/h2>\n\n<p>Todo el contenido de nuestro sitio web, incluyendo, pero no limitado a, im\u00e1genes, logotipos, texto, gr\u00e1ficos y dise\u00f1o de la interfaz, es propiedad de nuestro negocio Grupo Logistik.<\/p>\n\n<h2 class=\"wp-block-heading\">Compras y Facturaci\u00f3n<\/h2>\n\n<p>Todos los servicios que se ofrecen en nuestro sitio web est\u00e1n sujetos a disponibilidad y pueden ser modificados o retirados en cualquier momento sin previo aviso. Cualquier compra que realice a trav\u00e9s de nuestro sitio web ser\u00e1 facturada fuera del sitio. El pago y la facturaci\u00f3n ser\u00e1n gestionados por el proveedor de servicios de pago correspondiente.<\/p>\n\n<h2 class=\"wp-block-heading\">Pol\u00edtica de Privacidad<\/h2>\n\n<p>Cualquier informaci\u00f3n que se nos proporcione se utilizar\u00e1 \u00fanicamente para fines de procesamiento de pedidos y mejora de nuestros servicios. No compartimos informaci\u00f3n de usuario con terceros, excepto cuando es necesario para cumplir con la ley aplicable.<\/p>\n\n<h2 class=\"wp-block-heading\">Modificaciones a los t\u00e9rminos y condiciones<\/h2>\n\n<p>Nos reservamos el derecho de modificar estos t\u00e9rminos y condiciones en cualquier momento y sin previo aviso. Al continuar utilizando nuestro sitio web despu\u00e9s de la publicaci\u00f3n de los cambios, usted acepta los t\u00e9rminos y condiciones actualizados.<\/p>\n\n<h2 class=\"wp-block-heading\">Ley aplicable<\/h2>\n\n<p>Estos t\u00e9rminos y condiciones se regir\u00e1n e interpretar\u00e1n de acuerdo con las leyes de Guatemala y cualquier disputa que surja en relaci\u00f3n con estos t\u00e9rminos y condiciones estar\u00e1 sujeta a la jurisdicci\u00f3n exclusiva de los tribunales de Guatemala.<\/p>\n<p>Gracias por elegir nuestro sitio web. Si tiene alguna pregunta o inquietud sobre nuestros t\u00e9rminos y condiciones, por favor cont\u00e1ctenos a trav\u00e9s de nuestra p\u00e1gina de contacto.<\/p>\n\t\t\t\t\t\t\t\t<\/div>\n\t\t\t\t<\/div>\n\t\t\t\t\t<\/div>\n\t\t<\/div>\n\t\t\t\t\t<\/div>\n\t\t<\/section>\n\t\t\t\t<\/div>","protected":false},"excerpt":{"rendered":"<p>T\u00e9rminos y Condiciones Bienvenido\/a a Nuestro Sitio Web Bienvenido\/a a nuestro sitio web que ofrece servicios. Antes de hacer uso de nuestros servicios, por favor, aseg\u00farese de leer cuidadosamente los siguientes t\u00e9rminos y condiciones: Uso del sitio web Al utilizar nuestro sitio web, usted acepta cumplir con los t\u00e9rminos y condiciones establecidos por Grupo Logistik. [&hellip;]<\/p>","protected":false},"author":2,"featured_media":0,"parent":0,"menu_order":0,"comment_status":"closed","ping_status":"closed","template":"","meta":{"_monsterinsights_skip_tracking":false,"_monsterinsights_sitenote_active":false,"_monsterinsights_sitenote_note":"","_monsterinsights_sitenote_category":0,"_joinchat":[],"footnotes":""},"class_list":["post-3","page","type-page","status-publish","hentry"],"blocksy_meta":[],"yoast_head":"<!-- This site is optimized with the Yoast SEO plugin v27.5 - https:\/\/yoast.com\/product\/yoast-seo-wordpress\/ -->\n<title>T\u00e9rminos y Condiciones - GrupoLogistik<\/title>\n<meta name=\"robots\" content=\"index, follow, max-snippet:-1, max-image-preview:large, max-video-preview:-1\" \/>\n<link rel=\"canonical\" href=\"https:\/\/grupologistik.com\/en\/terminos-y-condiciones\/\" \/>\n<meta property=\"og:locale\" content=\"en_US\" \/>\n<meta property=\"og:type\" content=\"article\" \/>\n<meta property=\"og:title\" content=\"T\u00e9rminos y Condiciones - GrupoLogistik\" \/>\n<meta property=\"og:description\" content=\"T\u00e9rminos y Condiciones Bienvenido\/a a Nuestro Sitio Web Bienvenido\/a a nuestro sitio web que ofrece servicios. Antes de hacer uso de nuestros servicios, por favor, aseg\u00farese de leer cuidadosamente los siguientes t\u00e9rminos y condiciones: Uso del sitio web Al utilizar nuestro sitio web, usted acepta cumplir con los t\u00e9rminos y condiciones establecidos por Grupo Logistik. [&hellip;]\" \/>\n<meta property=\"og:url\" content=\"https:\/\/grupologistik.com\/en\/terminos-y-condiciones\/\" \/>\n<meta property=\"og:site_name\" content=\"GrupoLogistik\" \/>\n<meta property=\"article:modified_time\" content=\"2023-08-23T15:13:21+00:00\" \/>\n<meta name=\"twitter:card\" content=\"summary_large_image\" \/>\n<meta name=\"twitter:label1\" content=\"Est. reading time\" \/>\n\t<meta name=\"twitter:data1\" content=\"2 minutes\" \/>\n<script type=\"application\/ld+json\" class=\"yoast-schema-graph\">{\"@context\":\"https:\\\/\\\/schema.org\",\"@graph\":[{\"@type\":\"WebPage\",\"@id\":\"https:\\\/\\\/grupologistik.com\\\/es_es\\\/terminos-y-condiciones\\\/\",\"url\":\"https:\\\/\\\/grupologistik.com\\\/es_es\\\/terminos-y-condiciones\\\/\",\"name\":\"T\u00e9rminos y Condiciones - GrupoLogistik\",\"isPartOf\":{\"@id\":\"https:\\\/\\\/grupologistik.com\\\/en\\\/#website\"},\"datePublished\":\"2023-06-20T23:50:44+00:00\",\"dateModified\":\"2023-08-23T15:13:21+00:00\",\"breadcrumb\":{\"@id\":\"https:\\\/\\\/grupologistik.com\\\/es_es\\\/terminos-y-condiciones\\\/#breadcrumb\"},\"inLanguage\":\"en-US\",\"potentialAction\":[{\"@type\":\"ReadAction\",\"target\":[\"https:\\\/\\\/grupologistik.com\\\/es_es\\\/terminos-y-condiciones\\\/\"]}]},{\"@type\":\"BreadcrumbList\",\"@id\":\"https:\\\/\\\/grupologistik.com\\\/es_es\\\/terminos-y-condiciones\\\/#breadcrumb\",\"itemListElement\":[{\"@type\":\"ListItem\",\"position\":1,\"name\":\"Home\",\"item\":\"https:\\\/\\\/grupologistik.com\\\/en\\\/\"},{\"@type\":\"ListItem\",\"position\":2,\"name\":\"T\u00e9rminos y Condiciones\"}]},{\"@type\":\"WebSite\",\"@id\":\"https:\\\/\\\/grupologistik.com\\\/en\\\/#website\",\"url\":\"https:\\\/\\\/grupologistik.com\\\/en\\\/\",\"name\":\"GrupoLogistik\",\"description\":\"Grupo Logistik\",\"publisher\":{\"@id\":\"https:\\\/\\\/grupologistik.com\\\/en\\\/#organization\"},\"potentialAction\":[{\"@type\":\"SearchAction\",\"target\":{\"@type\":\"EntryPoint\",\"urlTemplate\":\"https:\\\/\\\/grupologistik.com\\\/en\\\/?s={search_term_string}\"},\"query-input\":{\"@type\":\"PropertyValueSpecification\",\"valueRequired\":true,\"valueName\":\"search_term_string\"}}],\"inLanguage\":\"en-US\"},{\"@type\":\"Organization\",\"@id\":\"https:\\\/\\\/grupologistik.com\\\/en\\\/#organization\",\"name\":\"GrupoLogistik\",\"url\":\"https:\\\/\\\/grupologistik.com\\\/en\\\/\",\"logo\":{\"@type\":\"ImageObject\",\"inLanguage\":\"en-US\",\"@id\":\"https:\\\/\\\/grupologistik.com\\\/en\\\/#\\\/schema\\\/logo\\\/image\\\/\",\"url\":\"https:\\\/\\\/grupologistik.com\\\/wp-content\\\/uploads\\\/2023\\\/07\\\/Grupo-Logistik-Logotipo-e1688746369194.png\",\"contentUrl\":\"https:\\\/\\\/grupologistik.com\\\/wp-content\\\/uploads\\\/2023\\\/07\\\/Grupo-Logistik-Logotipo-e1688746369194.png\",\"width\":352,\"height\":178,\"caption\":\"GrupoLogistik\"},\"image\":{\"@id\":\"https:\\\/\\\/grupologistik.com\\\/en\\\/#\\\/schema\\\/logo\\\/image\\\/\"}}]}<\/script>\n<!-- \/ Yoast SEO plugin. -->","yoast_head_json":{"title":"T\u00e9rminos y Condiciones - GrupoLogistik","robots":{"index":"index","follow":"follow","max-snippet":"max-snippet:-1","max-image-preview":"max-image-preview:large","max-video-preview":"max-video-preview:-1"},"canonical":"https:\/\/grupologistik.com\/en\/terminos-y-condiciones\/","og_locale":"en_US","og_type":"article","og_title":"T\u00e9rminos y Condiciones - GrupoLogistik","og_description":"T\u00e9rminos y Condiciones Bienvenido\/a a Nuestro Sitio Web Bienvenido\/a a nuestro sitio web que ofrece servicios. Antes de hacer uso de nuestros servicios, por favor, aseg\u00farese de leer cuidadosamente los siguientes t\u00e9rminos y condiciones: Uso del sitio web Al utilizar nuestro sitio web, usted acepta cumplir con los t\u00e9rminos y condiciones establecidos por Grupo Logistik. [&hellip;]","og_url":"https:\/\/grupologistik.com\/en\/terminos-y-condiciones\/","og_site_name":"GrupoLogistik","article_modified_time":"2023-08-23T15:13:21+00:00","twitter_card":"summary_large_image","twitter_misc":{"Est. reading time":"2 minutes"},"schema":{"@context":"https:\/\/schema.org","@graph":[{"@type":"WebPage","@id":"https:\/\/grupologistik.com\/es_es\/terminos-y-condiciones\/","url":"https:\/\/grupologistik.com\/es_es\/terminos-y-condiciones\/","name":"T\u00e9rminos y Condiciones - GrupoLogistik","isPartOf":{"@id":"https:\/\/grupologistik.com\/en\/#website"},"datePublished":"2023-06-20T23:50:44+00:00","dateModified":"2023-08-23T15:13:21+00:00","breadcrumb":{"@id":"https:\/\/grupologistik.com\/es_es\/terminos-y-condiciones\/#breadcrumb"},"inLanguage":"en-US","potentialAction":[{"@type":"ReadAction","target":["https:\/\/grupologistik.com\/es_es\/terminos-y-condiciones\/"]}]},{"@type":"BreadcrumbList","@id":"https:\/\/grupologistik.com\/es_es\/terminos-y-condiciones\/#breadcrumb","itemListElement":[{"@type":"ListItem","position":1,"name":"Home","item":"https:\/\/grupologistik.com\/en\/"},{"@type":"ListItem","position":2,"name":"T\u00e9rminos y Condiciones"}]},{"@type":"WebSite","@id":"https:\/\/grupologistik.com\/en\/#website","url":"https:\/\/grupologistik.com\/en\/","name":"GrupoLogistik","description":"Grupo Logistik","publisher":{"@id":"https:\/\/grupologistik.com\/en\/#organization"},"potentialAction":[{"@type":"SearchAction","target":{"@type":"EntryPoint","urlTemplate":"https:\/\/grupologistik.com\/en\/?s={search_term_string}"},"query-input":{"@type":"PropertyValueSpecification","valueRequired":true,"valueName":"search_term_string"}}],"inLanguage":"en-US"},{"@type":"Organization","@id":"https:\/\/grupologistik.com\/en\/#organization","name":"GrupoLogistik","url":"https:\/\/grupologistik.com\/en\/","logo":{"@type":"ImageObject","inLanguage":"en-US","@id":"https:\/\/grupologistik.com\/en\/#\/schema\/logo\/image\/","url":"https:\/\/grupologistik.com\/wp-content\/uploads\/2023\/07\/Grupo-Logistik-Logotipo-e1688746369194.png","contentUrl":"https:\/\/grupologistik.com\/wp-content\/uploads\/2023\/07\/Grupo-Logistik-Logotipo-e1688746369194.png","width":352,"height":178,"caption":"GrupoLogistik"},"image":{"@id":"https:\/\/grupologistik.com\/en\/#\/schema\/logo\/image\/"}}]}},"_links":{"self":[{"href":"https:\/\/grupologistik.com\/en\/wp-json\/wp\/v2\/pages\/3","targetHints":{"allow":["GET"]}}],"collection":[{"href":"https:\/\/grupologistik.com\/en\/wp-json\/wp\/v2\/pages"}],"about":[{"href":"https:\/\/grupologistik.com\/en\/wp-json\/wp\/v2\/types\/page"}],"author":[{"embeddable":true,"href":"https:\/\/grupologistik.com\/en\/wp-json\/wp\/v2\/users\/2"}],"replies":[{"embeddable":true,"href":"https:\/\/grupologistik.com\/en\/wp-json\/wp\/v2\/comments?post=3"}],"version-history":[{"count":5,"href":"https:\/\/grupologistik.com\/en\/wp-json\/wp\/v2\/pages\/3\/revisions"}],"predecessor-version":[{"id":2916,"href":"https:\/\/grupologistik.com\/en\/wp-json\/wp\/v2\/pages\/3\/revisions\/2916"}],"wp:attachment":[{"href":"https:\/\/grupologistik.com\/en\/wp-json\/wp\/v2\/media?parent=3"}],"curies":[{"name":"wp","href":"https:\/\/api.w.org\/{rel}","templated":true}]}}