{"id":2918,"date":"2023-08-23T09:50:45","date_gmt":"2023-08-23T15:50:45","guid":{"rendered":"http:\/\/grupologistik.com\/?page_id=2918"},"modified":"2023-08-28T09:19:02","modified_gmt":"2023-08-28T15:19:02","slug":"nuestro-fundador","status":"publish","type":"page","link":"https:\/\/grupologistik.com\/es_es\/nuestro-fundador\/","title":{"rendered":"Nuestro Fundador"},"content":{"rendered":"\t\t<div data-elementor-type=\"wp-page\" data-elementor-id=\"2918\" class=\"elementor elementor-2918\">\n\t\t\t\t\t\t<header class=\"elementor-section elementor-top-section elementor-element elementor-element-49ff62e elementor-section-height-min-height ct-section-stretched elementor-section-boxed elementor-section-height-default elementor-section-items-middle\" data-id=\"49ff62e\" data-element_type=\"section\" data-e-type=\"section\" data-settings=\"{&quot;background_background&quot;:&quot;classic&quot;}\">\n\t\t\t\t\t\t<div class=\"elementor-container elementor-column-gap-default\">\n\t\t\t\t\t<div class=\"elementor-column elementor-col-100 elementor-top-column elementor-element elementor-element-15165e2\" data-id=\"15165e2\" data-element_type=\"column\" data-e-type=\"column\">\n\t\t\t<div class=\"elementor-widget-wrap elementor-element-populated\">\n\t\t\t\t\t\t<div class=\"elementor-element elementor-element-070820b elementor-widget__width-initial elementor-absolute elementor-widget elementor-widget-spacer\" data-id=\"070820b\" data-element_type=\"widget\" data-e-type=\"widget\" data-settings=\"{&quot;_position&quot;:&quot;absolute&quot;}\" data-widget_type=\"spacer.default\">\n\t\t\t\t<div class=\"elementor-widget-container\">\n\t\t\t\t\t\t\t<div class=\"elementor-spacer\">\n\t\t\t<div class=\"elementor-spacer-inner\"><\/div>\n\t\t<\/div>\n\t\t\t\t\t\t<\/div>\n\t\t\t\t<\/div>\n\t\t\t\t<div class=\"elementor-element elementor-element-b9d5095 elementor-widget__width-initial elementor-absolute elementor-widget elementor-widget-spacer\" data-id=\"b9d5095\" data-element_type=\"widget\" data-e-type=\"widget\" data-settings=\"{&quot;_position&quot;:&quot;absolute&quot;}\" data-widget_type=\"spacer.default\">\n\t\t\t\t<div class=\"elementor-widget-container\">\n\t\t\t\t\t\t\t<div class=\"elementor-spacer\">\n\t\t\t<div class=\"elementor-spacer-inner\"><\/div>\n\t\t<\/div>\n\t\t\t\t\t\t<\/div>\n\t\t\t\t<\/div>\n\t\t\t\t<div class=\"elementor-element elementor-element-0eaf336 elementor-widget__width-initial elementor-widget-tablet__width-initial elementor-absolute elementor-widget elementor-widget-spacer\" data-id=\"0eaf336\" data-element_type=\"widget\" data-e-type=\"widget\" data-settings=\"{&quot;_position&quot;:&quot;absolute&quot;}\" data-widget_type=\"spacer.default\">\n\t\t\t\t<div class=\"elementor-widget-container\">\n\t\t\t\t\t\t\t<div class=\"elementor-spacer\">\n\t\t\t<div class=\"elementor-spacer-inner\"><\/div>\n\t\t<\/div>\n\t\t\t\t\t\t<\/div>\n\t\t\t\t<\/div>\n\t\t\t\t<div class=\"elementor-element elementor-element-f9671e9 elementor-widget__width-initial elementor-widget-tablet__width-initial elementor-absolute elementor-widget elementor-widget-spacer\" data-id=\"f9671e9\" data-element_type=\"widget\" data-e-type=\"widget\" data-settings=\"{&quot;_position&quot;:&quot;absolute&quot;}\" data-widget_type=\"spacer.default\">\n\t\t\t\t<div class=\"elementor-widget-container\">\n\t\t\t\t\t\t\t<div class=\"elementor-spacer\">\n\t\t\t<div class=\"elementor-spacer-inner\"><\/div>\n\t\t<\/div>\n\t\t\t\t\t\t<\/div>\n\t\t\t\t<\/div>\n\t\t\t\t\t<\/div>\n\t\t<\/div>\n\t\t\t\t\t<\/div>\n\t\t<\/header>\n\t\t\t\t<section class=\"elementor-section elementor-top-section elementor-element elementor-element-38c8b1bc ct-section-stretched elementor-section-boxed elementor-section-height-default elementor-section-height-default\" data-id=\"38c8b1bc\" data-element_type=\"section\" data-e-type=\"section\" data-settings=\"{&quot;background_background&quot;:&quot;classic&quot;}\">\n\t\t\t\t\t\t<div class=\"elementor-container elementor-column-gap-default\">\n\t\t\t\t\t<div class=\"elementor-column elementor-col-50 elementor-top-column elementor-element elementor-element-55fb1939\" data-id=\"55fb1939\" data-element_type=\"column\" data-e-type=\"column\">\n\t\t\t<div class=\"elementor-widget-wrap elementor-element-populated\">\n\t\t\t\t\t\t<section class=\"elementor-section elementor-inner-section elementor-element elementor-element-1b3182b6 elementor-section-boxed elementor-section-height-default elementor-section-height-default\" data-id=\"1b3182b6\" data-element_type=\"section\" data-e-type=\"section\">\n\t\t\t\t\t\t<div class=\"elementor-container elementor-column-gap-default\">\n\t\t\t\t\t<div class=\"elementor-column elementor-col-100 elementor-inner-column elementor-element elementor-element-17640de8\" data-id=\"17640de8\" data-element_type=\"column\" data-e-type=\"column\">\n\t\t\t<div class=\"elementor-widget-wrap elementor-element-populated\">\n\t\t\t\t\t\t<div class=\"elementor-element elementor-element-49e93f9 text-left text--mobilecenter elementor-widget elementor-widget-tp-heading-title\" data-id=\"49e93f9\" data-element_type=\"widget\" data-e-type=\"widget\" data-widget_type=\"tp-heading-title.default\">\n\t\t\t\t<div class=\"elementor-widget-container\">\n\t\t\t\t\t<div class=\"heading heading_style heading_style69f597eb6dc09 style-1 \"  data-tp-gsap-heading-text=\"\" data-tp-gsap-sub-heading-text=\"\"><div class=\"sub-style\" ><div class=\"head-title \" > <h2  class=\"heading-title   \"  data-hover=\"Fundador y CEO\">Fundador y CEO<span class=\"title-s \">  <\/span><\/h2><\/div><\/div><\/div>\t\t\t\t<\/div>\n\t\t\t\t<\/div>\n\t\t\t\t<div class=\"elementor-element elementor-element-5ffb3b7 elementor-invisible elementor-widget elementor-widget-text-editor\" data-id=\"5ffb3b7\" data-element_type=\"widget\" data-e-type=\"widget\" data-settings=\"{&quot;_animation&quot;:&quot;fadeIn&quot;}\" data-widget_type=\"text-editor.default\">\n\t\t\t\t<div class=\"elementor-widget-container\">\n\t\t\t\t\t\t\t\t\t<p>En Grupo Log\u00edstik somos m\u00e1s que una empresa de log\u00edstica, y queremos ser parte de su empresa. Con m\u00e1s de 30 a\u00f1os de experiencia en la log\u00edstica portuaria, tenemos el conocimiento y la experiencia para ayudarte a navegar incluso los desaf\u00edos log\u00edsticos m\u00e1s complejos con facilidad.\u00a0<\/p><p>Pero lo que realmente nos distingue es nuestro enfoque amigable y centrado en el ser humano. Entendemos que cada cliente es \u00fanico, y es por eso que nos tomamos el tiempo para conocerte, escuchar tus necesidades y trabajar en estrecha colaboraci\u00f3n contigo para desarrollar soluciones personalizadas que cumplan con tus requisitos espec\u00edficos.\u00a0<\/p><p>Ya sea que necesites almacenamiento, agentes portuarios, agenciamaiento de aduanas o cualquiera de nuestros otros servicios, puedes contar con nosotros para brindarte el m\u00e1s alto nivel de servicio y siempre con una sonrisa.<\/p>\t\t\t\t\t\t\t\t<\/div>\n\t\t\t\t<\/div>\n\t\t\t\t\t<\/div>\n\t\t<\/div>\n\t\t\t\t\t<\/div>\n\t\t<\/section>\n\t\t\t\t<section class=\"elementor-section elementor-inner-section elementor-element elementor-element-0550d9a elementor-section-boxed elementor-section-height-default elementor-section-height-default\" data-id=\"0550d9a\" data-element_type=\"section\" data-e-type=\"section\" data-settings=\"{&quot;background_background&quot;:&quot;classic&quot;}\">\n\t\t\t\t\t\t<div class=\"elementor-container elementor-column-gap-extended\">\n\t\t\t\t\t<div class=\"elementor-column elementor-col-50 elementor-inner-column elementor-element elementor-element-ff5903c\" data-id=\"ff5903c\" data-element_type=\"column\" data-e-type=\"column\">\n\t\t\t<div class=\"elementor-widget-wrap\">\n\t\t\t\t\t\t\t<\/div>\n\t\t<\/div>\n\t\t\t\t<div class=\"elementor-column elementor-col-50 elementor-inner-column elementor-element elementor-element-718a20a\" data-id=\"718a20a\" data-element_type=\"column\" data-e-type=\"column\">\n\t\t\t<div class=\"elementor-widget-wrap elementor-element-populated\">\n\t\t\t\t\t\t<div class=\"elementor-element elementor-element-13dec3b elementor-widget elementor-widget-blockquote\" data-id=\"13dec3b\" data-element_type=\"widget\" data-e-type=\"widget\" data-widget_type=\"blockquote.default\">\n\t\t\t\t<div class=\"elementor-widget-container\">\n\t\t\t\t\t \t\t\t\t<\/div>\n\t\t\t\t<\/div>\n\t\t\t\t\t<\/div>\n\t\t<\/div>\n\t\t\t\t\t<\/div>\n\t\t<\/section>\n\t\t\t\t\t<\/div>\n\t\t<\/div>\n\t\t\t\t<div class=\"elementor-column elementor-col-50 elementor-top-column elementor-element elementor-element-bce62ea\" data-id=\"bce62ea\" data-element_type=\"column\" data-e-type=\"column\">\n\t\t\t<div class=\"elementor-widget-wrap elementor-element-populated\">\n\t\t\t\t\t\t<div class=\"elementor-element elementor-element-c73fe52 elementor-widget elementor-widget-spacer\" data-id=\"c73fe52\" data-element_type=\"widget\" data-e-type=\"widget\" data-widget_type=\"spacer.default\">\n\t\t\t\t<div class=\"elementor-widget-container\">\n\t\t\t\t\t\t\t<div class=\"elementor-spacer\">\n\t\t\t<div class=\"elementor-spacer-inner\"><\/div>\n\t\t<\/div>\n\t\t\t\t\t\t<\/div>\n\t\t\t\t<\/div>\n\t\t\t\t<div class=\"elementor-element elementor-element-56754d71 elementor-widget elementor-widget-image\" data-id=\"56754d71\" data-element_type=\"widget\" data-e-type=\"widget\" data-widget_type=\"image.default\">\n\t\t\t\t<div class=\"elementor-widget-container\">\n\t\t\t\t\t\t\t\t\t\t\t\t\t\t\t<img decoding=\"async\" src=\"https:\/\/grupologistik.com\/wp-content\/uploads\/elementor\/thumbs\/JJ-Espinoza-1-qtx2jlnktlwekjn1jt8g1gjrtrmp0fcy9k1isuqze8.png\" title=\"JJ Espinoza (1)\" alt=\"JJ Espinoza (1)\" loading=\"lazy\" \/>\t\t\t\t\t\t\t\t\t\t\t\t\t\t\t<\/div>\n\t\t\t\t<\/div>\n\t\t\t\t<div class=\"elementor-element elementor-element-1108ee95 elementor-absolute elementor-hidden-tablet elementor-hidden-phone elementor-widget elementor-widget-image\" data-id=\"1108ee95\" data-element_type=\"widget\" data-e-type=\"widget\" data-settings=\"{&quot;_position&quot;:&quot;absolute&quot;}\" data-widget_type=\"image.default\">\n\t\t\t\t<div class=\"elementor-widget-container\">\n\t\t\t\t\t\t\t\t\t\t\t\t\t\t\t<img decoding=\"async\" src=\"https:\/\/grupologistik.com\/wp-content\/uploads\/elementor\/thumbs\/Grupo-Logistik-Logotipo-2-qtx2hm7qqmsehmaqyhvcscpmyb96qqoaurwkmvt9yw.png\" title=\"Grupo Logistik &#8211; Logotipo (2)\" alt=\"Grupo Logistik - Logotipo (2)\" class=\"elementor-animation-rotate\" loading=\"lazy\" \/>\t\t\t\t\t\t\t\t\t\t\t\t\t\t\t<\/div>\n\t\t\t\t<\/div>\n\t\t\t\t\t<\/div>\n\t\t<\/div>\n\t\t\t\t\t<\/div>\n\t\t<\/section>\n\t\t\t\t<section class=\"elementor-section elementor-top-section elementor-element elementor-element-4259105a elementor-section-content-middle ct-section-stretched elementor-section-boxed elementor-section-height-default elementor-section-height-default\" data-id=\"4259105a\" data-element_type=\"section\" data-e-type=\"section\" data-settings=\"{&quot;background_background&quot;:&quot;classic&quot;}\">\n\t\t\t\t\t\t<div class=\"elementor-container elementor-column-gap-default\">\n\t\t\t\t\t<div class=\"elementor-column elementor-col-50 elementor-top-column elementor-element elementor-element-7d36f4d4\" data-id=\"7d36f4d4\" data-element_type=\"column\" data-e-type=\"column\" data-settings=\"{&quot;background_background&quot;:&quot;classic&quot;}\">\n\t\t\t<div class=\"elementor-widget-wrap elementor-element-populated\">\n\t\t\t\t\t\t<div class=\"elementor-element elementor-element-1fcfa049 elementor-widget elementor-widget-image-carousel\" data-id=\"1fcfa049\" data-element_type=\"widget\" data-e-type=\"widget\" data-settings=\"{&quot;slides_to_show&quot;:&quot;1&quot;,&quot;navigation&quot;:&quot;none&quot;,&quot;pause_on_hover&quot;:&quot;no&quot;,&quot;autoplay_speed&quot;:6000,&quot;autoplay&quot;:&quot;yes&quot;,&quot;pause_on_interaction&quot;:&quot;yes&quot;,&quot;infinite&quot;:&quot;yes&quot;,&quot;effect&quot;:&quot;slide&quot;,&quot;speed&quot;:500}\" data-widget_type=\"image-carousel.default\">\n\t\t\t\t<div class=\"elementor-widget-container\">\n\t\t\t\t\t\t\t<div class=\"elementor-image-carousel-wrapper swiper\" role=\"region\" aria-roledescription=\"carousel\" aria-label=\"Carrusel de im\u00e1genes\" dir=\"ltr\">\n\t\t\t<div class=\"elementor-image-carousel swiper-wrapper swiper-image-stretch\" aria-live=\"off\">\n\t\t\t\t\t\t\t\t<div class=\"swiper-slide\" role=\"group\" aria-roledescription=\"slide\" aria-label=\"1 de 2\"><figure class=\"swiper-slide-inner\"><img decoding=\"async\" class=\"swiper-slide-image\" src=\"https:\/\/grupologistik.com\/wp-content\/uploads\/elementor\/thumbs\/Grupo-Logistik-5-qtx2iy5oigj22kh7kzk9bp5xnyuneb2u9d4it36d80.png\" alt=\"Grupo Logistik\" \/><\/figure><\/div><div class=\"swiper-slide\" role=\"group\" aria-roledescription=\"slide\" aria-label=\"2 de 2\"><figure class=\"swiper-slide-inner\"><img decoding=\"async\" class=\"swiper-slide-image\" src=\"https:\/\/grupologistik.com\/wp-content\/uploads\/elementor\/thumbs\/Grupo-Logistik-6-qtx2j7k2esvxao3k23mj0msjltkbja45mnndlusfhs.png\" alt=\"Grupo Logistik\" \/><\/figure><\/div>\t\t\t<\/div>\n\t\t\t\t\t\t\t\n\t\t\t\t\t\t\t\t\t<\/div>\n\t\t\t\t\t\t<\/div>\n\t\t\t\t<\/div>\n\t\t\t\t\t<\/div>\n\t\t<\/div>\n\t\t\t\t<div class=\"elementor-column elementor-col-50 elementor-top-column elementor-element elementor-element-3aab7a21\" data-id=\"3aab7a21\" data-element_type=\"column\" data-e-type=\"column\">\n\t\t\t<div class=\"elementor-widget-wrap elementor-element-populated\">\n\t\t\t\t\t\t<div class=\"elementor-element elementor-element-67ae54ee envato-kit-69-slide-btn elementor-widget elementor-widget-slides\" data-id=\"67ae54ee\" data-element_type=\"widget\" data-e-type=\"widget\" data-widget_type=\"slides.default\">\n\t\t\t\t<div class=\"elementor-widget-container\">\n\t\t\t\t\t \t\t\t\t<\/div>\n\t\t\t\t<\/div>\n\t\t\t\t\t<\/div>\n\t\t<\/div>\n\t\t\t\t\t<\/div>\n\t\t<\/section>\n\t\t\t\t<section class=\"elementor-section elementor-top-section elementor-element elementor-element-97164cb elementor-section-height-min-height ct-section-stretched elementor-section-boxed elementor-section-height-default elementor-section-items-middle\" data-id=\"97164cb\" data-element_type=\"section\" data-e-type=\"section\" data-settings=\"{&quot;background_background&quot;:&quot;classic&quot;}\">\n\t\t\t\t\t\t\t<div class=\"elementor-background-overlay\"><\/div>\n\t\t\t\t\t\t\t<div class=\"elementor-container elementor-column-gap-default\">\n\t\t\t\t\t<div class=\"elementor-column elementor-col-100 elementor-top-column elementor-element elementor-element-4e1e941\" data-id=\"4e1e941\" data-element_type=\"column\" data-e-type=\"column\">\n\t\t\t<div class=\"elementor-widget-wrap elementor-element-populated\">\n\t\t\t\t\t\t<div class=\"elementor-element elementor-element-2df229e text-left text--mobilecenter elementor-widget elementor-widget-tp-heading-title\" data-id=\"2df229e\" data-element_type=\"widget\" data-e-type=\"widget\" data-widget_type=\"tp-heading-title.default\">\n\t\t\t\t<div class=\"elementor-widget-container\">\n\t\t\t\t\t<div class=\"heading heading_style heading_style69f597eb75273 style-1 \"  data-tp-gsap-heading-text=\"\" data-tp-gsap-sub-heading-text=\"\"><div class=\"sub-style\" ><div class=\"head-title \" > <h2  class=\"heading-title   \"  data-hover=\"Habla con un experto en log\u00edstica, obt\u00e9n una soluci\u00f3n personalizada para tu empresa\">Habla con un experto en log\u00edstica, obt\u00e9n una soluci\u00f3n personalizada para tu empresa<span class=\"title-s \">  <\/span><\/h2><\/div><\/div><\/div>\t\t\t\t<\/div>\n\t\t\t\t<\/div>\n\t\t\t\t\t<\/div>\n\t\t<\/div>\n\t\t\t\t<div class=\"elementor-column elementor-col-100 elementor-top-column elementor-element elementor-element-eda6ef1\" data-id=\"eda6ef1\" data-element_type=\"column\" data-e-type=\"column\">\n\t\t\t<div class=\"elementor-widget-wrap elementor-element-populated\">\n\t\t\t\t\t\t<div class=\"elementor-element elementor-element-af0cbcd elementor-mobile-align-center elementor-widget-mobile__width-inherit elementor-align-center elementor-widget elementor-widget-button\" data-id=\"af0cbcd\" data-element_type=\"widget\" data-e-type=\"widget\" data-widget_type=\"button.default\">\n\t\t\t\t<div class=\"elementor-widget-container\">\n\t\t\t\t\t\t\t\t\t<div class=\"elementor-button-wrapper\">\n\t\t\t\t\t<a class=\"elementor-button elementor-button-link elementor-size-md elementor-animation-bob\" href=\"https:\/\/wa.link\/c6k82e\">\n\t\t\t\t\t\t<span class=\"elementor-button-content-wrapper\">\n\t\t\t\t\t\t<span class=\"elementor-button-icon\">\n\t\t\t\t<i aria-hidden=\"true\" class=\"fas fa-angle-right\"><\/i>\t\t\t<\/span>\n\t\t\t\t\t\t\t\t\t<span class=\"elementor-button-text\">Cont\u00e1ctanos<\/span>\n\t\t\t\t\t<\/span>\n\t\t\t\t\t<\/a>\n\t\t\t\t<\/div>\n\t\t\t\t\t\t\t\t<\/div>\n\t\t\t\t<\/div>\n\t\t\t\t\t<\/div>\n\t\t<\/div>\n\t\t\t\t\t<\/div>\n\t\t<\/section>\n\t\t\t\t<\/div>\n\t\t","protected":false},"excerpt":{"rendered":"<p>Fundador y CEO En Grupo Log\u00edstik somos m\u00e1s que una empresa de log\u00edstica, y queremos ser parte de su empresa. Con m\u00e1s de 30 a\u00f1os de experiencia en la log\u00edstica portuaria, tenemos el conocimiento y la experiencia para ayudarte a navegar incluso los desaf\u00edos log\u00edsticos m\u00e1s complejos con facilidad.\u00a0 Pero lo que realmente nos distingue [&hellip;]<\/p>\n","protected":false},"author":2,"featured_media":2427,"parent":0,"menu_order":0,"comment_status":"closed","ping_status":"closed","template":"","meta":{"_monsterinsights_skip_tracking":false,"_monsterinsights_sitenote_active":false,"_monsterinsights_sitenote_note":"","_monsterinsights_sitenote_category":0,"_joinchat":[],"footnotes":""},"class_list":["post-2918","page","type-page","status-publish","has-post-thumbnail","hentry"],"blocksy_meta":{"styles_descriptor":{"styles":{"desktop":"","tablet":"","mobile":""},"google_fonts":[],"version":6}},"yoast_head":"<!-- This site is optimized with the Yoast SEO plugin v27.5 - https:\/\/yoast.com\/product\/yoast-seo-wordpress\/ -->\n<title>Nuestro Fundador - GrupoLogistik<\/title>\n<meta name=\"robots\" content=\"index, follow, max-snippet:-1, max-image-preview:large, max-video-preview:-1\" \/>\n<link rel=\"canonical\" href=\"https:\/\/grupologistik.com\/es_es\/nuestro-fundador\/\" \/>\n<meta property=\"og:locale\" content=\"es_ES\" \/>\n<meta property=\"og:type\" content=\"article\" \/>\n<meta property=\"og:title\" content=\"Nuestro Fundador - GrupoLogistik\" \/>\n<meta property=\"og:description\" content=\"Fundador y CEO En Grupo Log\u00edstik somos m\u00e1s que una empresa de log\u00edstica, y queremos ser parte de su empresa. Con m\u00e1s de 30 a\u00f1os de experiencia en la log\u00edstica portuaria, tenemos el conocimiento y la experiencia para ayudarte a navegar incluso los desaf\u00edos log\u00edsticos m\u00e1s complejos con facilidad.\u00a0 Pero lo que realmente nos distingue [&hellip;]\" \/>\n<meta property=\"og:url\" content=\"https:\/\/grupologistik.com\/es_es\/nuestro-fundador\/\" \/>\n<meta property=\"og:site_name\" content=\"GrupoLogistik\" \/>\n<meta property=\"article:modified_time\" content=\"2023-08-28T15:19:02+00:00\" \/>\n<meta property=\"og:image\" content=\"https:\/\/grupologistik.com\/wp-content\/uploads\/2023\/08\/Clientes-1-e1691690179881.png\" \/>\n\t<meta property=\"og:image:width\" content=\"1620\" \/>\n\t<meta property=\"og:image:height\" content=\"563\" \/>\n\t<meta property=\"og:image:type\" content=\"image\/png\" \/>\n<meta name=\"twitter:card\" content=\"summary_large_image\" \/>\n<meta name=\"twitter:label1\" content=\"Tiempo de lectura\" \/>\n\t<meta name=\"twitter:data1\" content=\"3 minutos\" \/>\n<script type=\"application\/ld+json\" class=\"yoast-schema-graph\">{\"@context\":\"https:\\\/\\\/schema.org\",\"@graph\":[{\"@type\":\"WebPage\",\"@id\":\"https:\\\/\\\/grupologistik.com\\\/en\\\/nuestro-fundador\\\/\",\"url\":\"https:\\\/\\\/grupologistik.com\\\/en\\\/nuestro-fundador\\\/\",\"name\":\"Nuestro Fundador - GrupoLogistik\",\"isPartOf\":{\"@id\":\"https:\\\/\\\/grupologistik.com\\\/en\\\/#website\"},\"primaryImageOfPage\":{\"@id\":\"https:\\\/\\\/grupologistik.com\\\/en\\\/nuestro-fundador\\\/#primaryimage\"},\"image\":{\"@id\":\"https:\\\/\\\/grupologistik.com\\\/en\\\/nuestro-fundador\\\/#primaryimage\"},\"thumbnailUrl\":\"https:\\\/\\\/grupologistik.com\\\/wp-content\\\/uploads\\\/2023\\\/08\\\/Clientes-1-e1691690179881.png\",\"datePublished\":\"2023-08-23T15:50:45+00:00\",\"dateModified\":\"2023-08-28T15:19:02+00:00\",\"breadcrumb\":{\"@id\":\"https:\\\/\\\/grupologistik.com\\\/en\\\/nuestro-fundador\\\/#breadcrumb\"},\"inLanguage\":\"es\",\"potentialAction\":[{\"@type\":\"ReadAction\",\"target\":[\"https:\\\/\\\/grupologistik.com\\\/en\\\/nuestro-fundador\\\/\"]}]},{\"@type\":\"ImageObject\",\"inLanguage\":\"es\",\"@id\":\"https:\\\/\\\/grupologistik.com\\\/en\\\/nuestro-fundador\\\/#primaryimage\",\"url\":\"https:\\\/\\\/grupologistik.com\\\/wp-content\\\/uploads\\\/2023\\\/08\\\/Clientes-1-e1691690179881.png\",\"contentUrl\":\"https:\\\/\\\/grupologistik.com\\\/wp-content\\\/uploads\\\/2023\\\/08\\\/Clientes-1-e1691690179881.png\",\"width\":1620,\"height\":563},{\"@type\":\"BreadcrumbList\",\"@id\":\"https:\\\/\\\/grupologistik.com\\\/en\\\/nuestro-fundador\\\/#breadcrumb\",\"itemListElement\":[{\"@type\":\"ListItem\",\"position\":1,\"name\":\"Home\",\"item\":\"https:\\\/\\\/grupologistik.com\\\/en\\\/\"},{\"@type\":\"ListItem\",\"position\":2,\"name\":\"Nuestro Fundador\"}]},{\"@type\":\"WebSite\",\"@id\":\"https:\\\/\\\/grupologistik.com\\\/en\\\/#website\",\"url\":\"https:\\\/\\\/grupologistik.com\\\/en\\\/\",\"name\":\"GrupoLogistik\",\"description\":\"Grupo Logistik\",\"publisher\":{\"@id\":\"https:\\\/\\\/grupologistik.com\\\/en\\\/#organization\"},\"potentialAction\":[{\"@type\":\"SearchAction\",\"target\":{\"@type\":\"EntryPoint\",\"urlTemplate\":\"https:\\\/\\\/grupologistik.com\\\/en\\\/?s={search_term_string}\"},\"query-input\":{\"@type\":\"PropertyValueSpecification\",\"valueRequired\":true,\"valueName\":\"search_term_string\"}}],\"inLanguage\":\"es\"},{\"@type\":\"Organization\",\"@id\":\"https:\\\/\\\/grupologistik.com\\\/en\\\/#organization\",\"name\":\"GrupoLogistik\",\"url\":\"https:\\\/\\\/grupologistik.com\\\/en\\\/\",\"logo\":{\"@type\":\"ImageObject\",\"inLanguage\":\"es\",\"@id\":\"https:\\\/\\\/grupologistik.com\\\/en\\\/#\\\/schema\\\/logo\\\/image\\\/\",\"url\":\"https:\\\/\\\/grupologistik.com\\\/wp-content\\\/uploads\\\/2023\\\/07\\\/Grupo-Logistik-Logotipo-e1688746369194.png\",\"contentUrl\":\"https:\\\/\\\/grupologistik.com\\\/wp-content\\\/uploads\\\/2023\\\/07\\\/Grupo-Logistik-Logotipo-e1688746369194.png\",\"width\":352,\"height\":178,\"caption\":\"GrupoLogistik\"},\"image\":{\"@id\":\"https:\\\/\\\/grupologistik.com\\\/en\\\/#\\\/schema\\\/logo\\\/image\\\/\"}}]}<\/script>\n<!-- \/ Yoast SEO plugin. -->","yoast_head_json":{"title":"Nuestro Fundador - GrupoLogistik","robots":{"index":"index","follow":"follow","max-snippet":"max-snippet:-1","max-image-preview":"max-image-preview:large","max-video-preview":"max-video-preview:-1"},"canonical":"https:\/\/grupologistik.com\/es_es\/nuestro-fundador\/","og_locale":"es_ES","og_type":"article","og_title":"Nuestro Fundador - GrupoLogistik","og_description":"Fundador y CEO En Grupo Log\u00edstik somos m\u00e1s que una empresa de log\u00edstica, y queremos ser parte de su empresa. Con m\u00e1s de 30 a\u00f1os de experiencia en la log\u00edstica portuaria, tenemos el conocimiento y la experiencia para ayudarte a navegar incluso los desaf\u00edos log\u00edsticos m\u00e1s complejos con facilidad.\u00a0 Pero lo que realmente nos distingue [&hellip;]","og_url":"https:\/\/grupologistik.com\/es_es\/nuestro-fundador\/","og_site_name":"GrupoLogistik","article_modified_time":"2023-08-28T15:19:02+00:00","og_image":[{"width":1620,"height":563,"url":"https:\/\/grupologistik.com\/wp-content\/uploads\/2023\/08\/Clientes-1-e1691690179881.png","type":"image\/png"}],"twitter_card":"summary_large_image","twitter_misc":{"Tiempo de lectura":"3 minutos"},"schema":{"@context":"https:\/\/schema.org","@graph":[{"@type":"WebPage","@id":"https:\/\/grupologistik.com\/en\/nuestro-fundador\/","url":"https:\/\/grupologistik.com\/en\/nuestro-fundador\/","name":"Nuestro Fundador - GrupoLogistik","isPartOf":{"@id":"https:\/\/grupologistik.com\/en\/#website"},"primaryImageOfPage":{"@id":"https:\/\/grupologistik.com\/en\/nuestro-fundador\/#primaryimage"},"image":{"@id":"https:\/\/grupologistik.com\/en\/nuestro-fundador\/#primaryimage"},"thumbnailUrl":"https:\/\/grupologistik.com\/wp-content\/uploads\/2023\/08\/Clientes-1-e1691690179881.png","datePublished":"2023-08-23T15:50:45+00:00","dateModified":"2023-08-28T15:19:02+00:00","breadcrumb":{"@id":"https:\/\/grupologistik.com\/en\/nuestro-fundador\/#breadcrumb"},"inLanguage":"es","potentialAction":[{"@type":"ReadAction","target":["https:\/\/grupologistik.com\/en\/nuestro-fundador\/"]}]},{"@type":"ImageObject","inLanguage":"es","@id":"https:\/\/grupologistik.com\/en\/nuestro-fundador\/#primaryimage","url":"https:\/\/grupologistik.com\/wp-content\/uploads\/2023\/08\/Clientes-1-e1691690179881.png","contentUrl":"https:\/\/grupologistik.com\/wp-content\/uploads\/2023\/08\/Clientes-1-e1691690179881.png","width":1620,"height":563},{"@type":"BreadcrumbList","@id":"https:\/\/grupologistik.com\/en\/nuestro-fundador\/#breadcrumb","itemListElement":[{"@type":"ListItem","position":1,"name":"Home","item":"https:\/\/grupologistik.com\/en\/"},{"@type":"ListItem","position":2,"name":"Nuestro Fundador"}]},{"@type":"WebSite","@id":"https:\/\/grupologistik.com\/en\/#website","url":"https:\/\/grupologistik.com\/en\/","name":"GrupoLogistik","description":"Grupo Logistik","publisher":{"@id":"https:\/\/grupologistik.com\/en\/#organization"},"potentialAction":[{"@type":"SearchAction","target":{"@type":"EntryPoint","urlTemplate":"https:\/\/grupologistik.com\/en\/?s={search_term_string}"},"query-input":{"@type":"PropertyValueSpecification","valueRequired":true,"valueName":"search_term_string"}}],"inLanguage":"es"},{"@type":"Organization","@id":"https:\/\/grupologistik.com\/en\/#organization","name":"GrupoLogistik","url":"https:\/\/grupologistik.com\/en\/","logo":{"@type":"ImageObject","inLanguage":"es","@id":"https:\/\/grupologistik.com\/en\/#\/schema\/logo\/image\/","url":"https:\/\/grupologistik.com\/wp-content\/uploads\/2023\/07\/Grupo-Logistik-Logotipo-e1688746369194.png","contentUrl":"https:\/\/grupologistik.com\/wp-content\/uploads\/2023\/07\/Grupo-Logistik-Logotipo-e1688746369194.png","width":352,"height":178,"caption":"GrupoLogistik"},"image":{"@id":"https:\/\/grupologistik.com\/en\/#\/schema\/logo\/image\/"}}]}},"_links":{"self":[{"href":"https:\/\/grupologistik.com\/es_es\/wp-json\/wp\/v2\/pages\/2918","targetHints":{"allow":["GET"]}}],"collection":[{"href":"https:\/\/grupologistik.com\/es_es\/wp-json\/wp\/v2\/pages"}],"about":[{"href":"https:\/\/grupologistik.com\/es_es\/wp-json\/wp\/v2\/types\/page"}],"author":[{"embeddable":true,"href":"https:\/\/grupologistik.com\/es_es\/wp-json\/wp\/v2\/users\/2"}],"replies":[{"embeddable":true,"href":"https:\/\/grupologistik.com\/es_es\/wp-json\/wp\/v2\/comments?post=2918"}],"version-history":[{"count":5,"href":"https:\/\/grupologistik.com\/es_es\/wp-json\/wp\/v2\/pages\/2918\/revisions"}],"predecessor-version":[{"id":3045,"href":"https:\/\/grupologistik.com\/es_es\/wp-json\/wp\/v2\/pages\/2918\/revisions\/3045"}],"wp:featuredmedia":[{"embeddable":true,"href":"https:\/\/grupologistik.com\/es_es\/wp-json\/wp\/v2\/media\/2427"}],"wp:attachment":[{"href":"https:\/\/grupologistik.com\/es_es\/wp-json\/wp\/v2\/media?parent=2918"}],"curies":[{"name":"wp","href":"https:\/\/api.w.org\/{rel}","templated":true}]}}